{"id":1245,"date":"2016-03-10T14:22:38","date_gmt":"2016-03-10T14:22:38","guid":{"rendered":"https:\/\/www.zitadelle-berlin.de\/?page_id=1245&#038;lang=en"},"modified":"2025-07-04T12:40:40","modified_gmt":"2025-07-04T12:40:40","slug":"tours","status":"publish","type":"page","link":"https:\/\/www.zitadelle-berlin.de\/en\/education\/tours\/","title":{"rendered":"Tours"},"content":{"rendered":"<section class=\"wpb-content-wrapper\"><p>[vc_row][vc_column][vc_column_text]Discover history, art, and nature: The Spandau Citadel is a vibrant cultural site and one of the most important and best-preserved Renaissance fortresses in Europe. With its rich and varied history, it offers numerous fascinating themes and impressive locations. Our guided tours invite groups to experience the Citadel from new perspectives \u2013 whether historical, architectural, or artistic. We are happy to tailor the content to your interests and target groups. Whether for school classes, families, or companies \u2013 we look forward to your visit![\/vc_column_text][vc_separator color=&#8221;black&#8221; border_width=&#8221;3&#8243;][\/vc_column][\/vc_row][vc_row][vc_column width=&#8221;1\/2&#8243;][vc_single_image image=&#8221;24443&#8243; img_size=&#8221;large&#8221;][\/vc_column][vc_column width=&#8221;1\/2&#8243;][vc_column_text]<\/p>\n<div class=\"wpb_text_column wpb_content_element \">\n<div class=\"wpb_wrapper\">\n<h2>Citadel Tours<\/h2>\n<p>One of the best preserved Renaissance fortresses in Europe, the Juliusturm &#8211; Berlin&#8217;s oldest building -, museums and exhibitions of modern art &#8211; the Citadel is a cultural location and an island of history. With its extraordinary fortress history and numerous exciting exhibitions, it has something of interest for all visitors. The guided tour gives an insight into the eventful history of the town and takes you from the master builders of the 16th century to the 20th century.<\/p>\n<\/div>\n<\/div>\n<p>[\/vc_column_text][vc_column_text]Every first Sunday of the month at 2 p.m., the guided tour takes place in English.[\/vc_column_text][\/vc_column][vc_column][\/vc_column][\/vc_row][vc_row][vc_column][vc_tta_accordion shape=&#8221;square&#8221; active_section=&#8221;1&#8243;][vc_tta_section title=&#8221;Open tours (in German) \/ every Saturday and Sunday at 2.00 p.m.&#8221; tab_id=&#8221;1559585333631-b03ebe39-3cff&#8221;][vc_row_inner][vc_column_inner][vc_column_text]<\/p>\n<h3>Duration: 60 minutes<\/h3>\n<h3>Admission: 4,50 EUR (plus entrance fee)<\/h3>\n<h3>without registration<\/h3>\n<p>[\/vc_column_text][\/vc_column_inner][\/vc_row_inner][\/vc_tta_section][vc_tta_section title=&#8221;Bookable tour for groups with up to 25 people (in English)&#8221; tab_id=&#8221;1559585333631-46fae8ed-6fbf&#8221;][vc_row_inner][vc_column_inner width=&#8221;1\/2&#8243;][vc_column_text]<\/p>\n<h3>Duration: 60 minutes<\/h3>\n<h3>90,- EUR (plus admission)<\/h3>\n<p>[\/vc_column_text][\/vc_column_inner][vc_column_inner width=&#8221;1\/2&#8243;][vc_column_text]<\/p>\n<h3>Information and registration<\/h3>\n<p>Museumsdienst Berlin<br \/>\nTel. +49 (0)30 2474 9888<br \/>\nmuseumsdienst@kulturprojekte.berlin[\/vc_column_text][vc_btn title=&#8221;Book now&#8221; style=&#8221;custom&#8221; custom_background=&#8221;#000000&#8243; custom_text=&#8221;#ffffff&#8221; shape=&#8221;square&#8221; link=&#8221;url:mailto%3Amuseumsdienst%40kulturprojekte.berlin||&#8221;][\/vc_column_inner][\/vc_row_inner][\/vc_tta_section][vc_tta_section title=&#8221;Bookable tour for groups (in Polish)&#8221; tab_id=&#8221;1559585888585-4737883e-49b9&#8243;][vc_row_inner][vc_column_inner width=&#8221;1\/2&#8243;][vc_column_text]<\/p>\n<h3>Duration: 60 minutes<\/h3>\n<p>[\/vc_column_text][\/vc_column_inner][vc_column_inner width=&#8221;1\/2&#8243;][vc_column_text]<\/p>\n<h3>Registration<\/h3>\n<p>If you are interested, please contact us.[\/vc_column_text][vc_btn title=&#8221;Get in contact&#8221; style=&#8221;custom&#8221; custom_background=&#8221;#000000&#8243; custom_text=&#8221;#ffffff&#8221; shape=&#8221;square&#8221; link=&#8221;url:mailto%3Ainfo%40zitadelle-berlin.de&#8221;][\/vc_column_inner][\/vc_row_inner][\/vc_tta_section][vc_tta_section title=&#8221;Bookable tour for school groups (in English)&#8221; tab_id=&#8221;1559585897939-cafd2731-3ec9&#8243;][vc_row_inner][vc_column_inner width=&#8221;1\/2&#8243;][vc_column_text]<\/p>\n<h3>Duration: 60 minutes<\/h3>\n<h3>75,- EUR<\/h3>\n<h3>Admission free for school classes, incl. 2 companions<\/h3>\n<p>[\/vc_column_text][\/vc_column_inner][vc_column_inner width=&#8221;1\/2&#8243;][vc_column_text]<\/p>\n<h3>Information and registration<\/h3>\n<p>Museumsdienst Berlin<br \/>\nTel. +49 (0)30 2474 9888<br \/>\nmuseumsdienst@kulturprojekte.berlin[\/vc_column_text][vc_btn title=&#8221;Book now&#8221; style=&#8221;custom&#8221; custom_background=&#8221;#000000&#8243; custom_text=&#8221;#ffffff&#8221; shape=&#8221;square&#8221; link=&#8221;url:mailto%3Amuseumsdienst%40kulturprojekte.berlin||&#8221;][\/vc_column_inner][\/vc_row_inner][\/vc_tta_section][\/vc_tta_accordion][vc_separator color=&#8221;black&#8221; border_width=&#8221;3&#8243;][\/vc_column][\/vc_row][vc_row][vc_column width=&#8221;1\/2&#8243;][vc_single_image image=&#8221;24439&#8243; img_size=&#8221;large&#8221;][\/vc_column][vc_column width=&#8221;1\/2&#8243;][vc_column_text]<\/p>\n<div class=\"wpb_text_column wpb_content_element \">\n<div class=\"wpb_wrapper\">\n<h2>Unveiled. Berlin and its monuments<\/h2>\n<\/div>\n<\/div>\n<div class=\"wpb_text_column wpb_content_element \">\n<div class=\"wpb_wrapper\">\n<p>In this unique exhibition on the history of Berlin &#8220;Unveiled. Berlin and its Monuments&#8221; we invite you to unveil and tactilely experience nearly 100 original political monuments and their secrets.\u00a0 From the monument ensemble of the Siegesallee to the head of the former Lenin monument, political power, identification, remembrance and commemoration are reflected.<\/p>\n<\/div>\n<\/div>\n<p>[\/vc_column_text][\/vc_column][\/vc_row][vc_row][vc_column][vc_tta_accordion shape=&#8221;square&#8221; active_section=&#8221;1&#8243;][vc_tta_section title=&#8221;Open tours (in German) \/ every Saturday at 2 a.m.&#8221; tab_id=&#8221;1559586879859-33a09cdf-cee4&#8243;][vc_column_text]<\/p>\n<h3>Duration: 60 minutes<\/h3>\n<h3>Admission: 4,50 EUR (plus entrance fee)<\/h3>\n<h3>without registration<\/h3>\n<p>[\/vc_column_text][\/vc_tta_section][vc_tta_section title=&#8221;Touch Tour&#8221; tab_id=&#8221;1559586879861-ed52a25c-73df&#8221;][vc_row_inner][vc_column_inner width=&#8221;1\/2&#8243;][vc_column_text]&#8221;Touch Tour&#8221; invites individuals who are blind or have low vision to a dialogical perceptual tour through the permanent exhibition &#8220;Enth\u00fcllt. Berlin und seine Denkm\u00e4ler&#8221;. The tour is primarily aimed at blind and visually impaired people, but sighted visitors are also welcome. They all receive historical information and detailed pictorial descriptions of selected objects in the exhibition and then explore them with different senses \u2013 by touching, smelling and hearing. Through their sensory impressions and sensations, they approach the objects in different ways. In the dialogue that develops, the different &#8220;views&#8221; of the objects become clear \u2013 a truly inclusive experience in the museum.<\/p>\n<p>&nbsp;<\/p>\n<h3>Duration: 90 minutes<\/h3>\n<h3>Free guided tour with free admission<\/h3>\n<h3>Language: German<\/h3>\n<p>Dates: 14th of March, 23rd of May, 5th of September<\/p>\n<p>A cooperation of the General Association for the Blind and Visually Impaired in Berlin and the Stadtgeschichtliches Museum Spandau.[\/vc_column_text][\/vc_column_inner][vc_column_inner width=&#8221;1\/2&#8243;][vc_column_text]<\/p>\n<h3><img loading=\"lazy\" decoding=\"async\" class=\"alignnone wp-image-8185 size-thumbnail\" src=\"https:\/\/www.zitadelle-berlin.de\/wp-content\/uploads\/2016\/03\/Tastf\u00fchrung_Zitadelle_Enth\u00fcllt.Berlin-und-seine-Denkm\u00e4ler-150x150.jpg\" alt=\"\" width=\"150\" height=\"150\" \/><\/h3>\n<h3>Registration<\/h3>\n<p>Limited number of participants: 10-12 persons[\/vc_column_text][vc_btn title=&#8221;Jetzt anmelden&#8221; style=&#8221;custom&#8221; custom_background=&#8221;#000000&#8243; custom_text=&#8221;#ffffff&#8221; shape=&#8221;square&#8221; link=&#8221;url:mailto%3Asimone.mallbrand%40zitadelle-berlin.de&#8221;][vc_column_text]Registration in advance by <a href=\"mailto:christina.buech@zitadelle-berlin.de\">e-mail<\/a> or by phone at 030\/ 354 944-445[\/vc_column_text][\/vc_column_inner][\/vc_row_inner][\/vc_tta_section][vc_tta_section title=&#8221;Bookable tour for groups with up to 25 people (in English)&#8221; tab_id=&#8221;1559587504700-6c6bf4d9-bcc1&#8243;][vc_row_inner][vc_column_inner width=&#8221;1\/2&#8243;][vc_column_text]<\/p>\n<h3>Duration: 60 minutes<\/h3>\n<h3>90,- EUR (plus admission)<\/h3>\n<p>[\/vc_column_text][\/vc_column_inner][vc_column_inner width=&#8221;1\/2&#8243;][vc_column_text]<\/p>\n<h3>Information and registration<\/h3>\n<p>Museumsdienst Berlin<br \/>\nTel. +49 (0)30 2474 9888<br \/>\nmuseumsdienst@kulturprojekte.berlin[\/vc_column_text][vc_btn title=&#8221;Book now&#8221; style=&#8221;custom&#8221; custom_background=&#8221;#000000&#8243; custom_text=&#8221;#ffffff&#8221; shape=&#8221;square&#8221; link=&#8221;url:mailto%3Amuseumsdienst%40kulturprojekte.berlin||&#8221;][\/vc_column_inner][\/vc_row_inner][\/vc_tta_section][vc_tta_section title=&#8221;Bookable tour for school groups (in English)&#8221; tab_id=&#8221;1559588026018-43304a40-fc13&#8243;][vc_row_inner][vc_column_inner width=&#8221;1\/2&#8243;][vc_column_text]<\/p>\n<h3>Duration: 60 minutes<\/h3>\n<h3>75,- EUR<\/h3>\n<h3>Admission free for school classes, incl. 2 companions<\/h3>\n<p>[\/vc_column_text][\/vc_column_inner][vc_column_inner width=&#8221;1\/2&#8243;][vc_column_text]<\/p>\n<h3>Information and registration<\/h3>\n<p>Museumsdienst Berlin<br \/>\nTel. +49 (0)30 2474 9888<br \/>\nmuseumsdienst@kulturprojekte.berlin[\/vc_column_text][vc_btn title=&#8221;Book now&#8221; style=&#8221;custom&#8221; custom_background=&#8221;#000000&#8243; custom_text=&#8221;#ffffff&#8221; shape=&#8221;square&#8221; link=&#8221;url:mailto%3Amuseumsdienst%40kulturprojekte.berlin||&#8221;][\/vc_column_inner][\/vc_row_inner][\/vc_tta_section][vc_tta_section title=&#8221;Bookable combined tour with Citadel for groups with up to 25 people (in English)&#8221; tab_id=&#8221;1559588034810-48f7ed20-d910&#8243;][vc_row_inner][vc_column_inner width=&#8221;1\/2&#8243;][vc_column_text]<\/p>\n<h3>Duration: 90 minutes<\/h3>\n<h3>122,50 EUR (plus admission)<\/h3>\n<p>[\/vc_column_text][\/vc_column_inner][vc_column_inner width=&#8221;1\/2&#8243;][vc_column_text]<\/p>\n<h3>Information and registration<\/h3>\n<p>Museumsdienst Berlin<br \/>\nTel. +49 (0)30 2474 9888<br \/>\nmuseumsdienst@kulturprojekte.berlin[\/vc_column_text][vc_btn title=&#8221;Book now&#8221; style=&#8221;custom&#8221; custom_background=&#8221;#000000&#8243; custom_text=&#8221;#ffffff&#8221; shape=&#8221;square&#8221; link=&#8221;url:mailto%3Amuseumsdienst%40kulturprojekte.berlin||&#8221;][\/vc_column_inner][\/vc_row_inner][\/vc_tta_section][vc_tta_section title=&#8221;Bookable combined tour with citadel for school groups (in English)&#8221; tab_id=&#8221;1559588348051-0d3b8325-aaaf&#8221;][vc_row_inner][vc_column_inner width=&#8221;1\/2&#8243;][vc_column_text]<\/p>\n<h3>Duration: 90 minutes<\/h3>\n<h3><span id=\"page4R_mcid11\" class=\"markedContent\"><span dir=\"ltr\" role=\"presentation\">107,50<\/span><\/span> EUR<\/h3>\n<h3>Admission free for school classes, incl. 2 companions<\/h3>\n<p>[\/vc_column_text][\/vc_column_inner][vc_column_inner width=&#8221;1\/2&#8243;][vc_column_text]<\/p>\n<h3>Information and registration<\/h3>\n<p>Museumsdienst Berlin<br \/>\nTel. +49 (0)30 2474 9888<br \/>\nmuseumsdienst@kulturprojekte.berlin[\/vc_column_text][vc_btn title=&#8221;Book now&#8221; style=&#8221;custom&#8221; custom_background=&#8221;#000000&#8243; custom_text=&#8221;#ffffff&#8221; shape=&#8221;square&#8221; link=&#8221;url:mailto%3Amuseumsdienst%40kulturprojekte.berlin||&#8221;][\/vc_column_inner][\/vc_row_inner][\/vc_tta_section][\/vc_tta_accordion][vc_separator color=&#8221;black&#8221; border_width=&#8221;3&#8243;][\/vc_column][\/vc_row][vc_row][vc_column][\/vc_column][\/vc_row][vc_row][vc_column width=&#8221;1\/2&#8243;][vc_single_image image=&#8221;24450&#8243; img_size=&#8221;large&#8221;][\/vc_column][vc_column width=&#8221;1\/2&#8243;][vc_column_text]<\/p>\n<div class=\"wpb_text_column wpb_content_element \">\n<div class=\"wpb_wrapper\">\n<h2>Center for Contemporary Art<\/h2>\n<\/div>\n<\/div>\n<div class=\"wpb_text_column wpb_content_element \">\n<div class=\"wpb_wrapper\">\n<p>The public tour gives an overview of the eventful history of the citadel and then takes you to a special exhibition at the Centre for Contemporary Art. During a dialogue tour, you will get to know the spacious new exhibition house for contemporary art and gain insight into exciting positions in contemporary art that sometimes deal with the past of the citadel on 2500 square meters of exhibition space.<\/p>\n<p>Check<a href=\"https:\/\/www.zitadelle-berlin.de\/en\/events\/\"> here<\/a> for all guided tours and events in the center for contemporary art!<\/p>\n<\/div>\n<\/div>\n<p>[\/vc_column_text][\/vc_column][\/vc_row][vc_row][vc_column][vc_separator color=&#8221;black&#8221; border_width=&#8221;3&#8243;][\/vc_column][\/vc_row][vc_row][vc_column width=&#8221;1\/2&#8243;][vc_single_image image=&#8221;24454&#8243; img_size=&#8221;large&#8221;][\/vc_column][vc_column width=&#8221;1\/2&#8243;][vc_column_text]<\/p>\n<div class=\"wpb_text_column wpb_content_element \">\n<div class=\"wpb_wrapper\">\n<div class=\"wpb_text_column wpb_content_element \">\n<div class=\"wpb_wrapper\">\n<h2>Casemates<\/h2>\n<\/div>\n<\/div>\n<div class=\"wpb_text_column wpb_content_element \">\n<div class=\"wpb_wrapper\">\n<p>The citadel&#8217;s casemates form one of the largest winter habitats for bats in Europe. They are therefore only accessible to visitors for three months a year. The vaulted corridors with their thick walls were built for defensive purposes. During your visit to the casemates of the Bastion K\u00f6nig, you will not only explore one of the oldest areas of the citadel, most of which has been preserved in its original state, but also a place of cinematic interest, including &#8220;Der Hexer&#8221; by Edgar Wallace filmed here in 1964.<\/p>\n<p>Solid footwear is recommended.<\/p>\n<\/div>\n<\/div>\n<\/div>\n<\/div>\n<p>[\/vc_column_text][\/vc_column][\/vc_row][vc_row][vc_column][vc_tta_accordion shape=&#8221;square&#8221; active_section=&#8221;1&#8243;][vc_tta_section title=&#8221;Bookable combined tour with Citadel for groups with up to 25 people (in English from May until July)&#8221; tab_id=&#8221;1559588820166-2cb262da-9f64&#8243;][vc_row_inner][vc_column_inner width=&#8221;1\/2&#8243;][vc_column_text]<\/p>\n<h3>Duration: 90 minutes<\/h3>\n<h3><span id=\"page4R_mcid27\" class=\"markedContent\"><span dir=\"ltr\" role=\"presentation\">122,50<\/span><\/span>,- EUR (plus admission)<\/h3>\n<p>[\/vc_column_text][\/vc_column_inner][vc_column_inner width=&#8221;1\/2&#8243;][vc_column_text]<\/p>\n<h3>Information and registration<\/h3>\n<p>Museumsdienst Berlin<br \/>\nTel. +49 (0)30 2474 9888<br \/>\nmuseumsdienst@kulturprojekte.berlin[\/vc_column_text][vc_btn title=&#8221;Book now&#8221; style=&#8221;custom&#8221; custom_background=&#8221;#000000&#8243; custom_text=&#8221;#ffffff&#8221; shape=&#8221;square&#8221; link=&#8221;url:mailto%3Amuseumsdienst%40kulturprojekte.berlin||&#8221;][\/vc_column_inner][\/vc_row_inner][\/vc_tta_section][vc_tta_section title=&#8221;Bookable combined tour with Citadel for school groups (in English from May until July)&#8221; tab_id=&#8221;1559588820190-3422e769-fe0d&#8221;][vc_row_inner][vc_column_inner width=&#8221;1\/2&#8243;][vc_column_text]<\/p>\n<h3>Duration: 90 minutes<\/h3>\n<h3><span id=\"page4R_mcid11\" class=\"markedContent\"><span dir=\"ltr\" role=\"presentation\">107,50<\/span><\/span> EUR<\/h3>\n<h3>Admission free for school classes, incl. 2 companions<\/h3>\n<p>[\/vc_column_text][\/vc_column_inner][vc_column_inner width=&#8221;1\/2&#8243;][vc_column_text]<\/p>\n<h3>Information and registration<\/h3>\n<p>Museumsdienst Berlin<br \/>\nTel. +49 (0)30 2474 9888<br \/>\nmuseumsdienst@kulturprojekte.berlin[\/vc_column_text][vc_btn title=&#8221;Book now&#8221; style=&#8221;custom&#8221; custom_background=&#8221;#000000&#8243; custom_text=&#8221;#ffffff&#8221; shape=&#8221;square&#8221; link=&#8221;url:mailto%3Amuseumsdienst%40kulturprojekte.berlin||&#8221;][\/vc_column_inner][\/vc_row_inner][\/vc_tta_section][\/vc_tta_accordion][\/vc_column][\/vc_row]<\/p>\n<\/section>","protected":false},"excerpt":{"rendered":"<p>[vc_row][vc_column][vc_column_text]Discover history, art, and nature: The Spandau Citadel is a vibrant cultural site and one of the most important and best-preserved Renaissance fortresses in Europe. With its rich and varied history, it offers numerous fascinating themes and impressive locations. Our guided tours invite groups to experience the Citadel from new perspectives \u2013 whether historical, architectural, [&hellip;]<\/p>\n","protected":false},"author":20,"featured_media":1294,"parent":6570,"menu_order":8,"comment_status":"closed","ping_status":"closed","template":"","meta":{"footnotes":""},"categories":[39,189,120],"class_list":["post-1245","page","type-page","status-publish","has-post-thumbnail","hentry","category-2home-en","category-fuehrung-en","category-service-en"],"_links":{"self":[{"href":"https:\/\/www.zitadelle-berlin.de\/en\/wp-json\/wp\/v2\/pages\/1245","targetHints":{"allow":["GET"]}}],"collection":[{"href":"https:\/\/www.zitadelle-berlin.de\/en\/wp-json\/wp\/v2\/pages"}],"about":[{"href":"https:\/\/www.zitadelle-berlin.de\/en\/wp-json\/wp\/v2\/types\/page"}],"author":[{"embeddable":true,"href":"https:\/\/www.zitadelle-berlin.de\/en\/wp-json\/wp\/v2\/users\/20"}],"replies":[{"embeddable":true,"href":"https:\/\/www.zitadelle-berlin.de\/en\/wp-json\/wp\/v2\/comments?post=1245"}],"version-history":[{"count":78,"href":"https:\/\/www.zitadelle-berlin.de\/en\/wp-json\/wp\/v2\/pages\/1245\/revisions"}],"predecessor-version":[{"id":24457,"href":"https:\/\/www.zitadelle-berlin.de\/en\/wp-json\/wp\/v2\/pages\/1245\/revisions\/24457"}],"up":[{"embeddable":true,"href":"https:\/\/www.zitadelle-berlin.de\/en\/wp-json\/wp\/v2\/pages\/6570"}],"wp:featuredmedia":[{"embeddable":true,"href":"https:\/\/www.zitadelle-berlin.de\/en\/wp-json\/wp\/v2\/media\/1294"}],"wp:attachment":[{"href":"https:\/\/www.zitadelle-berlin.de\/en\/wp-json\/wp\/v2\/media?parent=1245"}],"wp:term":[{"taxonomy":"category","embeddable":true,"href":"https:\/\/www.zitadelle-berlin.de\/en\/wp-json\/wp\/v2\/categories?post=1245"}],"curies":[{"name":"wp","href":"https:\/\/api.w.org\/{rel}","templated":true}]}}