{"id":1250,"date":"2016-04-14T15:40:23","date_gmt":"2016-04-14T15:40:23","guid":{"rendered":"https:\/\/www.zitadelle-berlin.de\/?page_id=1250&#038;lang=en"},"modified":"2018-03-09T13:41:01","modified_gmt":"2018-03-09T13:41:01","slug":"besucherinfo","status":"publish","type":"page","link":"https:\/\/www.zitadelle-berlin.de\/en\/besucherinfo\/","title":{"rendered":"VISITOR INFORMATION"},"content":{"rendered":"<section class=\"wpb-content-wrapper\"><p>[vc_row][vc_column width=&#8221;2\/3&#8243;][vc_column_text]<\/p>\n<h4><strong>Opening Times<\/strong><\/h4>\n<p>The Citadel can be visited at 365 days a year:<br \/>\nMonday-Sunday from 10 a.m. till 5. p.m. (last entrance 4.30 p.m.)<\/p>\n<p>&nbsp;<\/p>\n<h4><strong>Admission<\/strong><\/h4>\n<p>(including Museums, Julius Tower, Exhibitions):<br \/>\nAdults 4,50 \u20ac.<br \/>\nChild \/ Commission 2,50 \u20ac.<br \/>\n(children 6-14 years, students).<\/p>\n<p>Family 10,- \u20ac (2 adults + up to 3 children, 6-14 years).<br \/>\nGroup 3,50 \u20ac per person (at least 10 persons).<\/p>\n<p>Annual membership 30,- \u20ac (1 adult + 1 child, 6-14 years).<br \/>\nFamily annual membership 45,- \u20ac (2 adults + up to 3 children, 6-14 years).<\/p>\n<p>Discount for holders of the Berlin WelcomeCard.<\/p>\n<p>Free entrance:<\/p>\n<ul>\n<li>Children under 6 years of age<\/li>\n<li>School classes with 2 attendants free (with ID)<\/li>\n<li>Kindergarten groups with 2 attendants free (with ID)<\/li>\n<li>Disabled visitors with one companion free<\/li>\n<li>Members of the Internationalen Council of Museums (ICOM) and of the<br \/>\nDeutscher Museumsbund (DMB) (with ID)<\/li>\n<li>Members of the Verband Deutscher Kunsthistoriker e.V. and of occupational unions of artists of visual art<\/li>\n<li>Owners of a press card<\/li>\n<li>Owners of an honorary office card for Berlin and Brandenburg<\/li>\n<li>Members of the Verband der Berlienr Stadtf\u00fchrer Berlin Guide e.V. and of the B\u00fcndnis Berliner Stadtf\u00fchrer e.V. (BBS) (with ID)<\/li>\n<li>Employees of VisitBerlin and of the Kulturprojekte Berlin GmbH (with ID)<\/li>\n<\/ul>\n<p><span style=\"text-decoration: underline;\">Please notice: different admission at events<\/span> \u2013 entrance only with valid ticket of the event.<\/p>\n<p><strong> Audio Guide<\/strong><\/p>\n<p>Available in German, English, Spanish, French und Italian: 2,- \u20ac<\/p>\n<p><strong>Access<\/strong><\/p>\n<p>The following exhibition spaces are accessible for people with mobility impairments: \u201cUnveiled. Berlin and its Monuments\u201d, Arsenal, Old Barracks, Gallery Crown Prince (Kronprinz), Parade Hall, Jewish gravestones in the Archaeological Window.<br \/>\nThere are accessible toilets.<br \/>\nA special audio guide is available for blind or partially sighted visitors for the permanent exhibition \u201cUnveiled. Berlin and its Monuments\u201d.[\/vc_column_text][\/vc_column][vc_column width=&#8221;1\/3&#8243;][vc_column_text]<\/p>\n<h4>Downloads<\/h4>\n<p><a href=\"https:\/\/www.zitadelle-berlin.de\/wp-content\/uploads\/2018\/01\/Besucherordnung-Kopfbogen-Original-24-01-18.pdf\" target=\"_blank\">Visitor regulations<\/a> (in German)<br \/>\n<a href=\"https:\/\/www.zitadelle-berlin.de\/wp-content\/uploads\/2016\/07\/Zitadellen_Flyer_Internet.pdf\" target=\"_blank\">Infoflyer<\/a>[\/vc_column_text][\/vc_column][\/vc_row]<\/p>\n<\/section>","protected":false},"excerpt":{"rendered":"<p>[vc_row][vc_column width=&#8221;2\/3&#8243;][vc_column_text] Opening Times The Citadel can be visited at 365 days a year: Monday-Sunday from 10 a.m. till 5. p.m. (last entrance 4.30 p.m.) &nbsp; Admission (including Museums, Julius Tower, Exhibitions): Adults 4,50 \u20ac. Child \/ Commission 2,50 \u20ac. (children 6-14 years, students). Family 10,- \u20ac (2 adults + up to 3 children, 6-14 [&hellip;]<\/p>\n","protected":false},"author":20,"featured_media":1295,"parent":0,"menu_order":6,"comment_status":"closed","ping_status":"closed","template":"","meta":{"footnotes":""},"categories":[38],"class_list":["post-1250","page","type-page","status-publish","has-post-thumbnail","hentry","category-1home-en"],"_links":{"self":[{"href":"https:\/\/www.zitadelle-berlin.de\/en\/wp-json\/wp\/v2\/pages\/1250","targetHints":{"allow":["GET"]}}],"collection":[{"href":"https:\/\/www.zitadelle-berlin.de\/en\/wp-json\/wp\/v2\/pages"}],"about":[{"href":"https:\/\/www.zitadelle-berlin.de\/en\/wp-json\/wp\/v2\/types\/page"}],"author":[{"embeddable":true,"href":"https:\/\/www.zitadelle-berlin.de\/en\/wp-json\/wp\/v2\/users\/20"}],"replies":[{"embeddable":true,"href":"https:\/\/www.zitadelle-berlin.de\/en\/wp-json\/wp\/v2\/comments?post=1250"}],"version-history":[{"count":16,"href":"https:\/\/www.zitadelle-berlin.de\/en\/wp-json\/wp\/v2\/pages\/1250\/revisions"}],"predecessor-version":[{"id":3847,"href":"https:\/\/www.zitadelle-berlin.de\/en\/wp-json\/wp\/v2\/pages\/1250\/revisions\/3847"}],"wp:featuredmedia":[{"embeddable":true,"href":"https:\/\/www.zitadelle-berlin.de\/en\/wp-json\/wp\/v2\/media\/1295"}],"wp:attachment":[{"href":"https:\/\/www.zitadelle-berlin.de\/en\/wp-json\/wp\/v2\/media?parent=1250"}],"wp:term":[{"taxonomy":"category","embeddable":true,"href":"https:\/\/www.zitadelle-berlin.de\/en\/wp-json\/wp\/v2\/categories?post=1250"}],"curies":[{"name":"wp","href":"https:\/\/api.w.org\/{rel}","templated":true}]}}