{"id":5473,"date":"2019-05-21T08:40:57","date_gmt":"2019-05-21T08:40:57","guid":{"rendered":"https:\/\/www.zitadelle-berlin.de\/en\/?page_id=5473"},"modified":"2020-09-13T17:16:04","modified_gmt":"2020-09-13T17:16:04","slug":"blinken-blitzen-blicken","status":"publish","type":"page","link":"https:\/\/www.zitadelle-berlin.de\/en\/exhibitions\/exhibition-archive\/blinken-blitzen-blicken\/","title":{"rendered":"Rainer W. Gottemeier \/ Blinken &#8211; Blitzen &#8211; Blicken"},"content":{"rendered":"<section class=\"wpb-content-wrapper\"><p>[vc_row][vc_column width=&#8221;1\/2&#8243;][vc_column_text]<\/p>\n<h4>7.3.2019 \u2013 12.5.2019<\/h4>\n<h4>Eine Lichtinstallation am ZAK<\/h4>\n<p>&nbsp;<\/p>\n<p>Der gro\u00dfe Hof der Spandauer Zitadelle wird zum Schauplatz von beeindruckender Lichtkunst im \u00f6ffentlichen Raum: In den schlitzartigen Mezzaninfenstern der Alten Kaserne realisiert der Lichtk\u00fcnstler Rainer W. Gottemeier (*1949) eine rhythmisch aufleuchtende Lichtinstallation aus 74 Seenotrettungslampen. Nach Einbruch der Dunkelheit setzen diese alle zwei Sekunden einen Lichtblitz ab. Auf \u00fcber 80 Meter L\u00e4nge entsteht eine bewegte Lichtpunktlinie. Da die Lampen nicht geeicht sind, entwickeln sie einen unregelm\u00e4\u00dfigen und zuf\u00e4lligen Rhythmus. So formieren sich immer wieder neue Konstellationen und visuelle Ereignisse: <em>&#8220;Das Licht selbst ist ein kurzes W\u00e4hren, das als Reales einleuchtet, es ist etwas R\u00e4umliches in der Zeit. Es sind Gesten ins Offene, in die freie Welt des Zitadellenplatzes.&#8221; <\/em>(Rainer W. Gottemeier)[\/vc_column_text][\/vc_column][vc_column width=&#8221;1\/2&#8243;][vc_single_image image=&#8221;5058&#8243; img_size=&#8221;large&#8221;][\/vc_column][\/vc_row][vc_row][vc_column][vc_empty_space height=&#8221;16px&#8221;][\/vc_column][\/vc_row][vc_row][vc_column][vc_separator color=&#8221;black&#8221; border_width=&#8221;3&#8243;][\/vc_column][\/vc_row][vc_row][vc_column width=&#8221;1\/3&#8243;][vc_single_image image=&#8221;633&#8243; img_size=&#8221;285&#215;285&#8243; alignment=&#8221;center&#8221;][\/vc_column][vc_column width=&#8221;1\/3&#8243;][vc_column_text]<\/p>\n<h1 style=\"text-align: center;\">Location<\/h1>\n<h3 style=\"text-align: center;\">Zentrum f\u00fcr Aktuelle Kunst \/\/ Alte Kaserne<\/h3>\n<p>[\/vc_column_text][\/vc_column][vc_column width=&#8221;1\/3&#8243;][vc_single_image image=&#8221;6614&#8243; img_size=&#8221;285&#215;285&#8243; alignment=&#8221;center&#8221;][\/vc_column][\/vc_row]<\/p>\n<\/section>","protected":false},"excerpt":{"rendered":"<p>[vc_row][vc_column width=&#8221;1\/2&#8243;][vc_column_text] 7.3.2019 \u2013 12.5.2019 Eine Lichtinstallation am ZAK &nbsp; Der gro\u00dfe Hof der Spandauer Zitadelle wird zum Schauplatz von beeindruckender Lichtkunst im \u00f6ffentlichen Raum: In den schlitzartigen Mezzaninfenstern der Alten Kaserne realisiert der Lichtk\u00fcnstler Rainer W. Gottemeier (*1949) eine rhythmisch aufleuchtende Lichtinstallation aus 74 Seenotrettungslampen. Nach Einbruch der Dunkelheit setzen diese alle zwei Sekunden [&hellip;]<\/p>\n","protected":false},"author":20,"featured_media":8209,"parent":5562,"menu_order":0,"comment_status":"closed","ping_status":"closed","template":"","meta":{"footnotes":""},"categories":[181,86],"class_list":["post-5473","page","type-page","status-publish","has-post-thumbnail","hentry","category-ausstellung-en","category-ausstellungsarchiv-2019-en"],"_links":{"self":[{"href":"https:\/\/www.zitadelle-berlin.de\/en\/wp-json\/wp\/v2\/pages\/5473","targetHints":{"allow":["GET"]}}],"collection":[{"href":"https:\/\/www.zitadelle-berlin.de\/en\/wp-json\/wp\/v2\/pages"}],"about":[{"href":"https:\/\/www.zitadelle-berlin.de\/en\/wp-json\/wp\/v2\/types\/page"}],"author":[{"embeddable":true,"href":"https:\/\/www.zitadelle-berlin.de\/en\/wp-json\/wp\/v2\/users\/20"}],"replies":[{"embeddable":true,"href":"https:\/\/www.zitadelle-berlin.de\/en\/wp-json\/wp\/v2\/comments?post=5473"}],"version-history":[{"count":8,"href":"https:\/\/www.zitadelle-berlin.de\/en\/wp-json\/wp\/v2\/pages\/5473\/revisions"}],"predecessor-version":[{"id":10161,"href":"https:\/\/www.zitadelle-berlin.de\/en\/wp-json\/wp\/v2\/pages\/5473\/revisions\/10161"}],"up":[{"embeddable":true,"href":"https:\/\/www.zitadelle-berlin.de\/en\/wp-json\/wp\/v2\/pages\/5562"}],"wp:featuredmedia":[{"embeddable":true,"href":"https:\/\/www.zitadelle-berlin.de\/en\/wp-json\/wp\/v2\/media\/8209"}],"wp:attachment":[{"href":"https:\/\/www.zitadelle-berlin.de\/en\/wp-json\/wp\/v2\/media?parent=5473"}],"wp:term":[{"taxonomy":"category","embeddable":true,"href":"https:\/\/www.zitadelle-berlin.de\/en\/wp-json\/wp\/v2\/categories?post=5473"}],"curies":[{"name":"wp","href":"https:\/\/api.w.org\/{rel}","templated":true}]}}