{"id":5646,"date":"2019-05-20T11:34:25","date_gmt":"2019-05-20T11:34:25","guid":{"rendered":"https:\/\/www.zitadelle-berlin.de\/en\/exhibition-archive\/jaakov-blumas-blindsehen\/"},"modified":"2020-09-13T17:13:25","modified_gmt":"2020-09-13T17:13:25","slug":"jaakov-blumas-blindsehen","status":"publish","type":"page","link":"https:\/\/www.zitadelle-berlin.de\/en\/exhibitions\/exhibition-archive\/jaakov-blumas-blindsehen\/","title":{"rendered":"Jaakov Blumas \/ Blindsehen"},"content":{"rendered":"<section class=\"wpb-content-wrapper\"><p>[vc_row][vc_column width=&#8221;1\/2&#8243;][vc_column_text]<\/p>\n<h4>19.1.2019 \u2013 24.3.2019<\/h4>\n<h4>Zentrum f\u00fcr Aktuelle Kunst &#8211; Galerie OG<\/h4>\n<p>&nbsp;<\/p>\n<p>Innerhalb der Koordinaten konstruktiv-konkreter Gegenwartskunst nehmen die Werke des 1953 in Vilnius\/Litauen geborenenen Malers Jaakov Blumas eine beeindruckende Sonderstellung ein. Denn entgegen der h\u00e4ufig fl\u00e4chigen und monochromen Malweise vieler K\u00fcnstler*innen dieser Richtung entwickelt Blumas, der an der HFBK Hamburg u. a. bei Gotthard Graubner studierte, auf der Grundlage geometrischer Formen eine ebenso bewegte wie geradezu haptisch erfahrbare malerische Oberfl\u00e4chentextur. Grund daf\u00fcr ist sein sensibler Umgang mit dem Kolorit, der sich jenseits der Prim\u00e4rfarben in feinsten Valeurs und Nuancierungen artikuliert.<\/p>\n<p>Immer wieder kombiniert Jaakov Blumas Kreissegmente, Quadrate und Rechtecke zu systemischen Konstellationen, die nicht selten dreidimensional in den Raum dr\u00e4ngen. Viele seiner Kompositionen unterzieht er einer steten Ver\u00e4nderung durch Variationen und Neuarrangements bzw. l\u00e4dt zur aktiven Partizipation ein. Farbe wird zumeist in feinsten Linien und Streifen aufgetragen, die das Nebeneinander vieler Farbt\u00f6ne auf engstem Raum erlauben. Hinzu kommen in manchen Arbeiten subtile Muster und zarte Schattierungen, die aus der Entfernung an jene experimentellen Arbeiten der Op-Art erinnern. Charakteristisch f\u00fcr Jaakov Blumas aber ist die Farbigkeit, die zwischen dunkel erdigen und strahlend monochromen T\u00f6nen changiert und damit weniger an die Urspr\u00fcnge des Konkret-Konstruktiven in der Moderne als vielmehr an das Kolorit franz\u00f6sischer Landschaftsmalerei erinnert. Genau aus diesem virtuosen Spiel resultiert die faszinierende Pr\u00e4senz, die Jaakov Blumas\u2019 Arbeiten in den weiten Raumfluchten der Alten Kaserne entwickeln.<\/p>\n<p>&nbsp;<\/p>\n<h6><em>Gef\u00f6rdert aus Mitteln der bezirklichen F\u00f6rderfonds der Senatsverwaltung f\u00fcr Kultur und Europa.<\/em><\/h6>\n<p>[\/vc_column_text][\/vc_column][vc_column width=&#8221;1\/2&#8243;][vc_single_image image=&#8221;4839&#8243; img_size=&#8221;large&#8221;][vc_column_text]<\/p>\n<h6>Abb.: Jaakov Blumas, Ohne Titel, 2017, Mischtechnik<\/h6>\n<p>[\/vc_column_text][\/vc_column][\/vc_row][vc_row][vc_column][vc_empty_space height=&#8221;16px&#8221;][\/vc_column][\/vc_row][vc_row][vc_column][vc_separator color=&#8221;black&#8221; border_width=&#8221;3&#8243;][\/vc_column][\/vc_row][vc_row][vc_column width=&#8221;1\/3&#8243;][vc_single_image image=&#8221;633&#8243; img_size=&#8221;285&#215;285&#8243; alignment=&#8221;center&#8221;][\/vc_column][vc_column width=&#8221;1\/3&#8243;][vc_column_text]<\/p>\n<h1 style=\"text-align: center;\">Location<\/h1>\n<h3 style=\"text-align: center;\">Zentrum f\u00fcr Aktuelle Kunst \/\/ Alte Kaserne<\/h3>\n<p>[\/vc_column_text][\/vc_column][vc_column width=&#8221;1\/3&#8243;][vc_single_image image=&#8221;6614&#8243; img_size=&#8221;285&#215;285&#8243; alignment=&#8221;center&#8221;][\/vc_column][\/vc_row]<\/p>\n<\/section>","protected":false},"excerpt":{"rendered":"<p>[vc_row][vc_column width=&#8221;1\/2&#8243;][vc_column_text] 19.1.2019 \u2013 24.3.2019 Zentrum f\u00fcr Aktuelle Kunst &#8211; Galerie OG &nbsp; Innerhalb der Koordinaten konstruktiv-konkreter Gegenwartskunst nehmen die Werke des 1953 in Vilnius\/Litauen geborenenen Malers Jaakov Blumas eine beeindruckende Sonderstellung ein. Denn entgegen der h\u00e4ufig fl\u00e4chigen und monochromen Malweise vieler K\u00fcnstler*innen dieser Richtung entwickelt Blumas, der an der HFBK Hamburg u. a. bei [&hellip;]<\/p>\n","protected":false},"author":20,"featured_media":8213,"parent":5562,"menu_order":0,"comment_status":"closed","ping_status":"closed","template":"","meta":{"footnotes":""},"categories":[181,86],"class_list":["post-5646","page","type-page","status-publish","has-post-thumbnail","hentry","category-ausstellung-en","category-ausstellungsarchiv-2019-en"],"_links":{"self":[{"href":"https:\/\/www.zitadelle-berlin.de\/en\/wp-json\/wp\/v2\/pages\/5646","targetHints":{"allow":["GET"]}}],"collection":[{"href":"https:\/\/www.zitadelle-berlin.de\/en\/wp-json\/wp\/v2\/pages"}],"about":[{"href":"https:\/\/www.zitadelle-berlin.de\/en\/wp-json\/wp\/v2\/types\/page"}],"author":[{"embeddable":true,"href":"https:\/\/www.zitadelle-berlin.de\/en\/wp-json\/wp\/v2\/users\/20"}],"replies":[{"embeddable":true,"href":"https:\/\/www.zitadelle-berlin.de\/en\/wp-json\/wp\/v2\/comments?post=5646"}],"version-history":[{"count":6,"href":"https:\/\/www.zitadelle-berlin.de\/en\/wp-json\/wp\/v2\/pages\/5646\/revisions"}],"predecessor-version":[{"id":8215,"href":"https:\/\/www.zitadelle-berlin.de\/en\/wp-json\/wp\/v2\/pages\/5646\/revisions\/8215"}],"up":[{"embeddable":true,"href":"https:\/\/www.zitadelle-berlin.de\/en\/wp-json\/wp\/v2\/pages\/5562"}],"wp:featuredmedia":[{"embeddable":true,"href":"https:\/\/www.zitadelle-berlin.de\/en\/wp-json\/wp\/v2\/media\/8213"}],"wp:attachment":[{"href":"https:\/\/www.zitadelle-berlin.de\/en\/wp-json\/wp\/v2\/media?parent=5646"}],"wp:term":[{"taxonomy":"category","embeddable":true,"href":"https:\/\/www.zitadelle-berlin.de\/en\/wp-json\/wp\/v2\/categories?post=5646"}],"curies":[{"name":"wp","href":"https:\/\/api.w.org\/{rel}","templated":true}]}}