{"id":5707,"date":"2019-04-29T11:12:44","date_gmt":"2019-04-29T11:12:44","guid":{"rendered":"https:\/\/www.zitadelle-berlin.de\/en\/exhibitions\/meisterstueck\/"},"modified":"2022-12-16T00:26:04","modified_gmt":"2022-12-16T00:26:04","slug":"meisterstueck","status":"publish","type":"page","link":"https:\/\/www.zitadelle-berlin.de\/en\/exhibitions\/exhibition-archive\/meisterstueck\/","title":{"rendered":"Meisterst\u00fcck! \/ Hauptwerke aus der Kunstsammlung der Sparkasse Leipzig"},"content":{"rendered":"<section class=\"wpb-content-wrapper\"><p>[vc_row][vc_column width=&#8221;1\/2&#8243;][vc_column_text]<\/p>\n<h4>6.4.2019 \u2013 28.7.2019<\/h4>\n<h4>ZAK Center for Contemporary Art &#8211; Gallery, upper floor<\/h4>\n<p>&nbsp;<\/p>\n<p>The exhibition \u201cMeisterst\u00fcck! Hauptwerke aus der Kunstsammlung der Sparkasse Leipzig\u201d, draws the fascinating paths of Leipzig art from the founding generation of the \u201cLeipzig School\u201d to the influential teacher figures of the \u201cNew Leipzig School\u201d to the present day. The focus is on figurative painting, represented by artists such as Bernhard Heisig, Wolfgang Mattheuer, Arno Rink and Neo Rauch. In addition, there are central positions in graphic art as well as important works by photo-artists such as Astrid Klein, Florian Ebner, Anett Stuth and Ricarda Roggan.<\/p>\n<p>&nbsp;<\/p>\n<h6><em>Supported by a funding from Senate Department for Culture and Europe \/ <\/em><em>Department<\/em><em> of <\/em><em>Culture.<\/em><\/h6>\n<h6><\/h6>\n<p>[\/vc_column_text][\/vc_column][vc_column width=&#8221;1\/2&#8243;][vc_single_image image=&#8221;5166&#8243; img_size=&#8221;large&#8221;][vc_column_text]<\/p>\n<h6 style=\"text-align: left;\">ill.: Gro\u00dfe Stra\u00dfe II, 1962, \u00d6l auf Hartfaser, 129 x 89 cm, \u00a9 VG Bild-Kunst Bonn, Foto: J\u00fcrgen Kunstmann<\/h6>\n<p>[\/vc_column_text][\/vc_column][\/vc_row][vc_row][vc_column][vc_separator color=&#8221;black&#8221; border_width=&#8221;3&#8243;][\/vc_column][\/vc_row][vc_row][vc_column width=&#8221;1\/3&#8243;][vc_single_image image=&#8221;633&#8243; img_size=&#8221;285&#215;285&#8243; alignment=&#8221;center&#8221;][\/vc_column][vc_column width=&#8221;1\/3&#8243;][vc_column_text]<\/p>\n<h1 style=\"text-align: center;\">Location<\/h1>\n<h3 style=\"text-align: center;\">ZAK Center for Contemporary Art \/\/ Old Barracks<\/h3>\n<p>[\/vc_column_text][\/vc_column][vc_column width=&#8221;1\/3&#8243;][vc_single_image image=&#8221;6614&#8243; img_size=&#8221;285&#215;285&#8243; alignment=&#8221;center&#8221;][\/vc_column][\/vc_row]<\/p>\n<\/section>","protected":false},"excerpt":{"rendered":"<p>[vc_row][vc_column width=&#8221;1\/2&#8243;][vc_column_text] 6.4.2019 \u2013 28.7.2019 ZAK Center for Contemporary Art &#8211; Gallery, upper floor &nbsp; The exhibition \u201cMeisterst\u00fcck! Hauptwerke aus der Kunstsammlung der Sparkasse Leipzig\u201d, draws the fascinating paths of Leipzig art from the founding generation of the \u201cLeipzig School\u201d to the influential teacher figures of the \u201cNew Leipzig School\u201d to the present day. The [&hellip;]<\/p>\n","protected":false},"author":20,"featured_media":5166,"parent":5562,"menu_order":7,"comment_status":"closed","ping_status":"closed","template":"","meta":{"footnotes":""},"categories":[181,86],"class_list":["post-5707","page","type-page","status-publish","has-post-thumbnail","hentry","category-ausstellung-en","category-ausstellungsarchiv-2019-en"],"_links":{"self":[{"href":"https:\/\/www.zitadelle-berlin.de\/en\/wp-json\/wp\/v2\/pages\/5707","targetHints":{"allow":["GET"]}}],"collection":[{"href":"https:\/\/www.zitadelle-berlin.de\/en\/wp-json\/wp\/v2\/pages"}],"about":[{"href":"https:\/\/www.zitadelle-berlin.de\/en\/wp-json\/wp\/v2\/types\/page"}],"author":[{"embeddable":true,"href":"https:\/\/www.zitadelle-berlin.de\/en\/wp-json\/wp\/v2\/users\/20"}],"replies":[{"embeddable":true,"href":"https:\/\/www.zitadelle-berlin.de\/en\/wp-json\/wp\/v2\/comments?post=5707"}],"version-history":[{"count":12,"href":"https:\/\/www.zitadelle-berlin.de\/en\/wp-json\/wp\/v2\/pages\/5707\/revisions"}],"predecessor-version":[{"id":16081,"href":"https:\/\/www.zitadelle-berlin.de\/en\/wp-json\/wp\/v2\/pages\/5707\/revisions\/16081"}],"up":[{"embeddable":true,"href":"https:\/\/www.zitadelle-berlin.de\/en\/wp-json\/wp\/v2\/pages\/5562"}],"wp:featuredmedia":[{"embeddable":true,"href":"https:\/\/www.zitadelle-berlin.de\/en\/wp-json\/wp\/v2\/media\/5166"}],"wp:attachment":[{"href":"https:\/\/www.zitadelle-berlin.de\/en\/wp-json\/wp\/v2\/media?parent=5707"}],"wp:term":[{"taxonomy":"category","embeddable":true,"href":"https:\/\/www.zitadelle-berlin.de\/en\/wp-json\/wp\/v2\/categories?post=5707"}],"curies":[{"name":"wp","href":"https:\/\/api.w.org\/{rel}","templated":true}]}}