{"id":7451,"date":"2019-12-02T11:22:28","date_gmt":"2019-12-02T11:22:28","guid":{"rendered":"https:\/\/www.zitadelle-berlin.de\/?page_id=7451"},"modified":"2022-12-16T00:19:29","modified_gmt":"2022-12-16T00:19:29","slug":"verletzbare-subjekte","status":"publish","type":"page","link":"https:\/\/www.zitadelle-berlin.de\/en\/exhibitions\/verletzbare-subjekte\/","title":{"rendered":"Verletzbare Subjekte"},"content":{"rendered":"<section class=\"wpb-content-wrapper\"><p>[vc_row][vc_column width=&#8221;1\/2&#8243;][vc_column_text]<\/p>\n<h4>18.1.2020 \u2013 2.8.2020<\/h4>\n<h4>Center for Contemporary Art, Gallery upper floor<\/h4>\n<p>&nbsp;<\/p>\n<p>Humans are vulnerable, as are all living things, as long as they are open, affectible and receptive and can develop and change as well as be exposed to others and other things. On the one hand, vulnerability comes to humans in their materiality, but on the other hand it is also linked to the fact that we are talking and acting with others in the world. The term vulnerability seems to address a basic human condition and experience that affects all human beings, but in very different ways and with different consequences. How do people generate themselves as vulnerable subjects or which dependencies make us vulnerable? To speak of vulnerability creates ambivalent, also apparently contradictory spaces of interpretation. The exhibition project of students, master students and (guest) artists who have worked together at the Hochschule f\u00fcr Grafik und Buchkunst Leipzig as part of the project PONC &#8211; persons of no consequences &#8211; is dedicated to these different spaces of interpretation and experience. The artistic works take up in a very subjective way the common discussions and conceptual clusters and demonstrate in the exhibition overview their complex interrelationship, dependence and mutual conditionality.<\/p>\n<p>Artists: Hazem Arabi, Shirin Barthel, David Behrens, Minhye Chu, Eva Dittrich, Alexander Pascal Forr\u00e9, Felix Grabe, Harry Hachmeister, Julie Hart, LAW OF LIFE (Julia L\u00fcbbecke, Alexander Klaubert, Francis Kussatz, Katar\u00edna Dubovsk\u00e1), Adrian Viktor L\u00fcck, Luise Marchand, Jonathan McNaughton, Silas M\u00fccke, Jan-Luca Ott, Lea Petermann, Benedict Reinhold, Jonas Ro\u00dfmei\u00dfl, Anna Schall, Sebastian Schmidt, Clemens Sch\u00f6ll, Julius Schreiner, Soubhi Shami, YOR (Susanne Beck, Nataly Hulikova, Toni Mosebach), Frida Zack, Jul Zureck, Theresa Zwerschke<\/p>\n<p><em>Curated by Peggy Buth, Ralf F. Hartmann, Friederike Kr\u00f6bel, Jens-Ole Rey<\/em><\/p>\n<p>&nbsp;<\/p>\n<h6><em>With the kind support of the district promotion fund of the Senate Administration for Culture and Europe.<\/em><\/h6>\n<p>[\/vc_column_text][\/vc_column][vc_column width=&#8221;1\/2&#8243;][vc_single_image image=&#8221;7435&#8243; img_size=&#8221;large&#8221;][vc_column_text]<\/p>\n<h6>Ill.: Alexander Pascal Forr\u00e9, Still from (The true nudity) (Detail), 2018<\/h6>\n<p>[\/vc_column_text][\/vc_column][\/vc_row][vc_row][vc_column][vc_empty_space height=&#8221;16px&#8221;][\/vc_column][\/vc_row][vc_row][vc_column][vc_separator color=&#8221;black&#8221; border_width=&#8221;3&#8243;][\/vc_column][\/vc_row][vc_row][vc_column width=&#8221;1\/3&#8243;][vc_single_image image=&#8221;633&#8243; img_size=&#8221;285&#215;285&#8243; alignment=&#8221;center&#8221;][\/vc_column][vc_column width=&#8221;1\/3&#8243;][vc_column_text]<\/p>\n<h1 style=\"text-align: center;\">Location<\/h1>\n<h3 style=\"text-align: center;\">ZAK Center for Contemporary Art \/\/ Old Barracks<\/h3>\n<p>[\/vc_column_text][\/vc_column][vc_column width=&#8221;1\/3&#8243;][vc_single_image image=&#8221;6456&#8243; img_size=&#8221;285&#215;285&#8243; alignment=&#8221;center&#8221;][\/vc_column][\/vc_row][vc_row][vc_column][vc_separator color=&#8221;black&#8221; border_width=&#8221;3&#8243;][\/vc_column][\/vc_row][vc_row][vc_column][vc_column_text]<\/p>\n<h2>Events<\/h2>\n<p>[\/vc_column_text][\/vc_column][\/vc_row]<\/p>\n<\/section>","protected":false},"excerpt":{"rendered":"<p>[vc_row][vc_column width=&#8221;1\/2&#8243;][vc_column_text] 18.1.2020 \u2013 2.8.2020 Center for Contemporary Art, Gallery upper floor &nbsp; Humans are vulnerable, as are all living things, as long as they are open, affectible and receptive and can develop and change as well as be exposed to others and other things. On the one hand, vulnerability comes to humans in their [&hellip;]<\/p>\n","protected":false},"author":20,"featured_media":7435,"parent":931,"menu_order":0,"comment_status":"closed","ping_status":"closed","template":"","meta":{"footnotes":""},"categories":[181,170,144],"class_list":["post-7451","page","type-page","status-publish","has-post-thumbnail","hentry","category-ausstellung-en","category-ausstellungsarchiv-uk-2020","category-verletzbaresubjekte-en"],"_links":{"self":[{"href":"https:\/\/www.zitadelle-berlin.de\/en\/wp-json\/wp\/v2\/pages\/7451","targetHints":{"allow":["GET"]}}],"collection":[{"href":"https:\/\/www.zitadelle-berlin.de\/en\/wp-json\/wp\/v2\/pages"}],"about":[{"href":"https:\/\/www.zitadelle-berlin.de\/en\/wp-json\/wp\/v2\/types\/page"}],"author":[{"embeddable":true,"href":"https:\/\/www.zitadelle-berlin.de\/en\/wp-json\/wp\/v2\/users\/20"}],"replies":[{"embeddable":true,"href":"https:\/\/www.zitadelle-berlin.de\/en\/wp-json\/wp\/v2\/comments?post=7451"}],"version-history":[{"count":9,"href":"https:\/\/www.zitadelle-berlin.de\/en\/wp-json\/wp\/v2\/pages\/7451\/revisions"}],"predecessor-version":[{"id":8916,"href":"https:\/\/www.zitadelle-berlin.de\/en\/wp-json\/wp\/v2\/pages\/7451\/revisions\/8916"}],"up":[{"embeddable":true,"href":"https:\/\/www.zitadelle-berlin.de\/en\/wp-json\/wp\/v2\/pages\/931"}],"wp:featuredmedia":[{"embeddable":true,"href":"https:\/\/www.zitadelle-berlin.de\/en\/wp-json\/wp\/v2\/media\/7435"}],"wp:attachment":[{"href":"https:\/\/www.zitadelle-berlin.de\/en\/wp-json\/wp\/v2\/media?parent=7451"}],"wp:term":[{"taxonomy":"category","embeddable":true,"href":"https:\/\/www.zitadelle-berlin.de\/en\/wp-json\/wp\/v2\/categories?post=7451"}],"curies":[{"name":"wp","href":"https:\/\/api.w.org\/{rel}","templated":true}]}}