{"id":8997,"date":"2020-05-14T09:12:44","date_gmt":"2020-05-14T09:12:44","guid":{"rendered":"https:\/\/www.zitadelle-berlin.de\/exhibitions\/hartmut-boehm-auslegungen\/"},"modified":"2020-05-14T09:41:54","modified_gmt":"2020-05-14T09:41:54","slug":"hartmut-boehm-auslegungen","status":"publish","type":"page","link":"https:\/\/www.zitadelle-berlin.de\/en\/exhibitions\/hartmut-boehm-auslegungen\/","title":{"rendered":"Hartmut B\u00f6hm &#8211; Auslegungen"},"content":{"rendered":"<section class=\"wpb-content-wrapper\"><p>[vc_row][vc_column width=&#8221;1\/2&#8243;][vc_column_text]<\/p>\n<h3>21. 4. \u2013 30. 6. 2018<\/h3>\n<h3>Center for Contemporary Art, upper floor<\/h3>\n<p>&nbsp;<\/p>\n<p>On the occasion of his 80th birthday, the Citadel is dedicating an extensive solo exhibition to the artist Hartmut B\u00f6hm. On over 600 square metres, B\u00f6hm is developing a space-consuming installation that responds to the strict architecture of the barracks building from the middle of the 19th century. Reduction, systematics and concentration are fundamental principles of his work.<br \/>\nHartmut B\u00f6hm was born in Kassel in 1938. From 1958 to 1962, he studied at the Hochschule f\u00fcr Bildende K\u00fcnste there, among others at the<br \/>\nDocumenta founder Arnold Bode. As an artist and long-standing university lecturer, he is one of the most influential figures in the field of concrete-constructive art in Germany and his work is based on strictly mathematical-geometric considerations. His aesthetics, which are close to Minimal Art, draw on industrially prefabricated materials such as steel girders and plastics, but also on everyday objects. From these B\u00f6hm develops not only spatial interventions and settings, but also plastically concentrated works of strict poetry.<\/p>\n<p>&nbsp;<\/p>\n<h6><em>Mit freundlicher Unterst\u00fctzung der bezirklichen F\u00f6rderfonds der Senatsverwaltung f\u00fcr Kultur und Europa.<\/em><\/h6>\n<p>[\/vc_column_text][\/vc_column][vc_column width=&#8221;1\/2&#8243;][vc_single_image image=&#8221;8990&#8243; img_size=&#8221;large&#8221;][vc_column_text]<\/p>\n<h6>Abb.: Progression gegen Unendlich mit 22,5\u00b0 II, 1985\/1986, Stahlrohr, Foto: Monika Brandmeier,<br \/>\n\u00a9 VG Bild-Kunst, Bonn<\/h6>\n<p>[\/vc_column_text][\/vc_column][\/vc_row][vc_row][vc_column][vc_separator color=&#8221;black&#8221; border_width=&#8221;3&#8243;][\/vc_column][\/vc_row][vc_row][vc_column width=&#8221;1\/3&#8243;][vc_single_image image=&#8221;2199&#8243; img_size=&#8221;285&#215;285&#8243; alignment=&#8221;center&#8221;][\/vc_column][vc_column width=&#8221;1\/3&#8243;][vc_column_text]<\/p>\n<h1 style=\"text-align: center;\">Location<\/h1>\n<h3 style=\"text-align: center;\">Center for Contemporary Art<\/h3>\n<p>[\/vc_column_text][\/vc_column][vc_column width=&#8221;1\/3&#8243;][vc_single_image image=&#8221;6614&#8243; img_size=&#8221;285&#215;285&#8243; alignment=&#8221;center&#8221;][\/vc_column][\/vc_row][vc_row][vc_column][vc_separator color=&#8221;black&#8221; border_width=&#8221;3&#8243;][\/vc_column][\/vc_row][vc_row][vc_column][vc_column_text]<\/p>\n<h1>Upcoming events<\/h1>\n<p>[\/vc_column_text][\/vc_column][\/vc_row]<\/p>\n<\/section>","protected":false},"excerpt":{"rendered":"<p>[vc_row][vc_column width=&#8221;1\/2&#8243;][vc_column_text] 21. 4. \u2013 30. 6. 2018 Center for Contemporary Art, upper floor &nbsp; On the occasion of his 80th birthday, the Citadel is dedicating an extensive solo exhibition to the artist Hartmut B\u00f6hm. On over 600 square metres, B\u00f6hm is developing a space-consuming installation that responds to the strict architecture of the barracks [&hellip;]<\/p>\n","protected":false},"author":20,"featured_media":8991,"parent":931,"menu_order":0,"comment_status":"closed","ping_status":"closed","template":"","meta":{"footnotes":""},"categories":[102],"class_list":["post-8997","page","type-page","status-publish","has-post-thumbnail","hentry","category-ausstellungsarchiv-en"],"_links":{"self":[{"href":"https:\/\/www.zitadelle-berlin.de\/en\/wp-json\/wp\/v2\/pages\/8997","targetHints":{"allow":["GET"]}}],"collection":[{"href":"https:\/\/www.zitadelle-berlin.de\/en\/wp-json\/wp\/v2\/pages"}],"about":[{"href":"https:\/\/www.zitadelle-berlin.de\/en\/wp-json\/wp\/v2\/types\/page"}],"author":[{"embeddable":true,"href":"https:\/\/www.zitadelle-berlin.de\/en\/wp-json\/wp\/v2\/users\/20"}],"replies":[{"embeddable":true,"href":"https:\/\/www.zitadelle-berlin.de\/en\/wp-json\/wp\/v2\/comments?post=8997"}],"version-history":[{"count":5,"href":"https:\/\/www.zitadelle-berlin.de\/en\/wp-json\/wp\/v2\/pages\/8997\/revisions"}],"predecessor-version":[{"id":9014,"href":"https:\/\/www.zitadelle-berlin.de\/en\/wp-json\/wp\/v2\/pages\/8997\/revisions\/9014"}],"up":[{"embeddable":true,"href":"https:\/\/www.zitadelle-berlin.de\/en\/wp-json\/wp\/v2\/pages\/931"}],"wp:featuredmedia":[{"embeddable":true,"href":"https:\/\/www.zitadelle-berlin.de\/en\/wp-json\/wp\/v2\/media\/8991"}],"wp:attachment":[{"href":"https:\/\/www.zitadelle-berlin.de\/en\/wp-json\/wp\/v2\/media?parent=8997"}],"wp:term":[{"taxonomy":"category","embeddable":true,"href":"https:\/\/www.zitadelle-berlin.de\/en\/wp-json\/wp\/v2\/categories?post=8997"}],"curies":[{"name":"wp","href":"https:\/\/api.w.org\/{rel}","templated":true}]}}