{"id":9015,"date":"2020-05-14T09:56:40","date_gmt":"2020-05-14T09:56:40","guid":{"rendered":"https:\/\/www.zitadelle-berlin.de\/?page_id=9015"},"modified":"2020-05-14T09:56:40","modified_gmt":"2020-05-14T09:56:40","slug":"klaus-noculak-projekte-fuer-den-oeffentlichen-raum","status":"publish","type":"page","link":"https:\/\/www.zitadelle-berlin.de\/en\/exhibitions\/klaus-noculak-projekte-fuer-den-oeffentlichen-raum\/","title":{"rendered":"Klaus Noculak &#8211; Projekte f\u00fcr den \u00f6ffentlichen Raum"},"content":{"rendered":"<section class=\"wpb-content-wrapper\"><p>[vc_row][vc_column width=&#8221;1\/2&#8243;][vc_column_text]<\/p>\n<h3>21.4. \u2013 30.6.2018<\/h3>\n<h3>Center for Contemporary Art<\/h3>\n<p>&nbsp;<\/p>\n<p>The artist and designer Klaus Noculak, born in Recklinghausen in 1937, has conceived and realized artistic projects for public space in numerous cities. Within the framework of a presentation in the Project Room of the Alte Kaserne, exemplary designs, models and photographs will provide an insight into the impressive range of work of the concrete-constructive artist.<\/p>\n<p>&nbsp;<\/p>\n<h6><em>Mit freundlicher Unterst\u00fctzung der bezirklichen F\u00f6rderfonds der Senatsverwaltung f\u00fcr Kultur und Europa.<\/em><\/h6>\n<p>[\/vc_column_text][\/vc_column][vc_column width=&#8221;1\/2&#8243;][vc_single_image image=&#8221;9016&#8243; img_size=&#8221;large&#8221;][vc_column_text]<\/p>\n<h6>Abb.: Platzgestaltung (Forum) f\u00fcr das Geisteswissenschaftliche Zentrum der Universit\u00e4t G\u00f6ttingen (Modell), Entwurf: 1968, ausgef\u00fchrt: 1972<\/h6>\n<p>[\/vc_column_text][\/vc_column][\/vc_row][vc_row][vc_column][vc_separator color=&#8221;black&#8221; border_width=&#8221;3&#8243;][\/vc_column][\/vc_row][vc_row][vc_column width=&#8221;1\/3&#8243;][vc_single_image image=&#8221;9020&#8243; img_size=&#8221;285&#215;285&#8243; alignment=&#8221;center&#8221;][\/vc_column][vc_column width=&#8221;1\/3&#8243;][vc_column_text]<\/p>\n<h1 style=\"text-align: center;\">Location<\/h1>\n<h3 style=\"text-align: center;\">Center for Contemporary Art<\/h3>\n<p>[\/vc_column_text][\/vc_column][vc_column width=&#8221;1\/3&#8243;][vc_single_image image=&#8221;8231&#8243; img_size=&#8221;285&#215;285&#8243; alignment=&#8221;center&#8221;][\/vc_column][\/vc_row][vc_row][vc_column][vc_separator color=&#8221;black&#8221; border_width=&#8221;3&#8243;][\/vc_column][\/vc_row][vc_row][vc_column][vc_column_text]<\/p>\n<h1>Upcoming events<\/h1>\n<p>[\/vc_column_text][\/vc_column][\/vc_row]<\/p>\n<\/section>","protected":false},"excerpt":{"rendered":"<p>[vc_row][vc_column width=&#8221;1\/2&#8243;][vc_column_text] 21.4. \u2013 30.6.2018 Center for Contemporary Art &nbsp; The artist and designer Klaus Noculak, born in Recklinghausen in 1937, has conceived and realized artistic projects for public space in numerous cities. Within the framework of a presentation in the Project Room of the Alte Kaserne, exemplary designs, models and photographs will provide an [&hellip;]<\/p>\n","protected":false},"author":20,"featured_media":9016,"parent":931,"menu_order":0,"comment_status":"closed","ping_status":"closed","template":"","meta":{"footnotes":""},"categories":[102,78],"class_list":["post-9015","page","type-page","status-publish","has-post-thumbnail","hentry","category-ausstellungsarchiv-en","category-ausstellungsarchiv-uk"],"_links":{"self":[{"href":"https:\/\/www.zitadelle-berlin.de\/en\/wp-json\/wp\/v2\/pages\/9015","targetHints":{"allow":["GET"]}}],"collection":[{"href":"https:\/\/www.zitadelle-berlin.de\/en\/wp-json\/wp\/v2\/pages"}],"about":[{"href":"https:\/\/www.zitadelle-berlin.de\/en\/wp-json\/wp\/v2\/types\/page"}],"author":[{"embeddable":true,"href":"https:\/\/www.zitadelle-berlin.de\/en\/wp-json\/wp\/v2\/users\/20"}],"replies":[{"embeddable":true,"href":"https:\/\/www.zitadelle-berlin.de\/en\/wp-json\/wp\/v2\/comments?post=9015"}],"version-history":[{"count":3,"href":"https:\/\/www.zitadelle-berlin.de\/en\/wp-json\/wp\/v2\/pages\/9015\/revisions"}],"predecessor-version":[{"id":9023,"href":"https:\/\/www.zitadelle-berlin.de\/en\/wp-json\/wp\/v2\/pages\/9015\/revisions\/9023"}],"up":[{"embeddable":true,"href":"https:\/\/www.zitadelle-berlin.de\/en\/wp-json\/wp\/v2\/pages\/931"}],"wp:featuredmedia":[{"embeddable":true,"href":"https:\/\/www.zitadelle-berlin.de\/en\/wp-json\/wp\/v2\/media\/9016"}],"wp:attachment":[{"href":"https:\/\/www.zitadelle-berlin.de\/en\/wp-json\/wp\/v2\/media?parent=9015"}],"wp:term":[{"taxonomy":"category","embeddable":true,"href":"https:\/\/www.zitadelle-berlin.de\/en\/wp-json\/wp\/v2\/categories?post=9015"}],"curies":[{"name":"wp","href":"https:\/\/api.w.org\/{rel}","templated":true}]}}