{"id":9682,"date":"2020-08-06T10:47:49","date_gmt":"2020-08-06T10:47:49","guid":{"rendered":"https:\/\/www.zitadelle-berlin.de\/?page_id=9682"},"modified":"2021-11-16T13:24:39","modified_gmt":"2021-11-16T13:24:39","slug":"disturbance-witch","status":"publish","type":"page","link":"https:\/\/www.zitadelle-berlin.de\/en\/exhibitions\/disturbance-witch\/","title":{"rendered":"disturbance:witch"},"content":{"rendered":"<section class=\"wpb-content-wrapper\"><p>[vc_row][vc_column width=&#8221;1\/2&#8243;][vc_column_text]<\/p>\n<h4>Group exhibition<\/h4>\n<h4>11.9.2020 \u2013 2.5.2021<\/h4>\n<h4>Center for Contemporary Art, upper floor<\/h4>\n<p>&nbsp;<\/p>\n<p>The exhibition <em>disturbance:witch<\/em> approaches the theme of the witchcraft from the perspective of contemporary art. The focus is on \u201cthe disruptive factor\u201d that shakes the deadlocked power structure and that is inherent in the figure of the witch. The witch-like, &#8220;abnormal&#8221;, &#8220;irrational&#8221;, &#8220;magical&#8221; and &#8220;wrong&#8221; opposes the traditional role patterns and structures and thus poses a threat to the status quo of contemporary societies that are still white and masculine dominated.<\/p>\n<p>The exhibited works analyze aspects of the witchcraft as attributions and projections onto \u201cwitches\u201d or women and queer people, which serve as instruments of exclusion, and examine strategies and goals that are still virulent as \u201cwitch hunts\u201d today. The work examines not only the physical, but also the digital space in which the so-called &#8220;witch burnings&#8221; take place.<\/p>\n<p>Works by: Jamika Ajalon, Tina Bara and Alba D\u02bcUrbano, Emilio Bianchic, Anna and Bernhard Blume, Johanna Braun, Barbara Breitenfellner, Lysann Buschbeck, Sarah Decristoforo, Veronika Eberhart, Margret Eicher, Valerio Figuccio, Parastou Forouhar, Gluklya, Nilbar G\u00fcre\u015f, Horst Haack, Orsi Horv\u00e1th, Emily Hunt, Isabel Kerkermeier, Sharon Kivland, Miriam Lenk, Libera Mazzoleni, Franziska Meinert, Lambert Mousseka, Lisl Ponger, Protektorama (fed by JP Raether), Suzanne Treister, VIP and Carolin Weinert<\/p>\n<p>&nbsp;<\/p>\n<p><em>Curated by Alba D\u2019Urbano und Olga Vostretsova<br \/>\n<\/em><\/p>\n<p>&nbsp;<\/p>\n<h6><em>Made possible by the Kunstfonds Bonn Foundation, with the kind support of the district promotion fund of the Senate Administration for Culture and Europe and the Austrian Cultural Forum<br \/>\n<\/em><\/h6>\n<p>[\/vc_column_text][\/vc_column][vc_column width=&#8221;1\/2&#8243;][vc_empty_space height=&#8221;105px&#8221;][vc_single_image image=&#8221;9712&#8243; img_size=&#8221;large&#8221;][vc_column_text]<\/p>\n<h6>Ill.: Veronika Eberhart: 9 is 1 and 10 is none, film still, 2017 \u00a9 <a href=\"https:\/\/www.bildrecht.at\/\">Bildrecht GmbH<\/a>, 2020<\/h6>\n<p>[\/vc_column_text][\/vc_column][\/vc_row][vc_row][vc_column][vc_empty_space height=&#8221;16px&#8221;][\/vc_column][\/vc_row][vc_row][vc_column width=&#8221;1\/2&#8243;][vc_video link=&#8221;https:\/\/www.youtube.com\/watch?v=lHCv3O1LTUU&amp;t=37s&#8221;][\/vc_column][vc_column width=&#8221;1\/2&#8243;][vc_video link=&#8221;https:\/\/www.youtube.com\/watch?v=&#8211;ZC5A8sFzQ&#8221;][\/vc_column][\/vc_row][vc_row][vc_column width=&#8221;1\/2&#8243;][vc_column_text]<\/p>\n<h6>Patrizia Magdalena Bieri dances the exhibition \u201cdisturbance: witch\u201d for the ZAK &#8211; Center for Contemporary Art and with her performance enlivens the museum rooms on the Spandau Citadel, which have remained in silence until then. The absence of museum visitors, which lasted for many weeks, became the predominant presence itself, which is disturbed by Bieri&#8217;s expressive style, which she describes as \u201cfusion\u201d. Step by step, the silence is banished and the exhibition is recaptured for the reopening through a quasi-magical act &#8211; a ritual dance indulging in femininity. The exhibition can be seen until April 25th, 21st.<\/h6>\n<h6>Performance by Patrizia Magdalena Bieri<br \/>\nPatrizia Magdalena [she \/ her] (@magdalenefeels) \u2022 Instagram photos and videos<br \/>\nCurated by Maria Weber<br \/>\nVideo by Jakob Mix<br \/>\nFilmmaker &amp; Photographer &#8211; Jakob Mix<br \/>\nMixed track: Jamika Ajalon, Veronika Eberhart and Sarah Decristoforo<\/h6>\n<h6>Exhibition:<br \/>\nConceived by the two curators Alba D\u2019Urbano and Olga Vostretsova, based on the figure of the witch, the principles of structural violence and the suppression of &#8220;disturbing figures&#8221; in society will be traced. In the comparison of numerous artistic positions, the arc is drawn from historical references to depictions of witches to the demonization of the feminine to intersectional feminism.<\/h6>\n<p>[\/vc_column_text][\/vc_column][vc_column width=&#8221;1\/2&#8243;][vc_column_text]<\/p>\n<h6>Alba D&#8217;Urbano and Olga Vostretsova tell about the beginnings and the concept of the &#8220;disturbance&#8221; exhibition series and how the genius loci of the citadel inspired them to grapple with the witch. Accompanied by anecdotes, the two curators give insights into the complexity of the subject of the &#8220;disturbing&#8221;, as it has grown historically on the basis of the witch figure and has expanded to other areas of life and social groups in the form of structural violence under the guise of &#8220;witch hunts&#8221;. Furthermore, the artists Margret Eicher, Barbara Breitenfellner and Emily Hunt introduce themselves and talk about their work in the context of the exhibition.<\/h6>\n<h6>Video by Jakob Mix Filmmaker &amp; Photographer \u2013 Jakob Mix<br \/>\nRegie by Maria Weber<br \/>\nMixed Track: Jamika Ajalon | Veronika Eberhart<\/h6>\n<p>[\/vc_column_text][\/vc_column][\/vc_row][vc_row][vc_column][vc_empty_space height=&#8221;16px&#8221;][\/vc_column][\/vc_row][vc_row][vc_column][vc_separator color=&#8221;black&#8221; border_width=&#8221;3&#8243;][\/vc_column][\/vc_row][vc_row][vc_column width=&#8221;1\/3&#8243;][vc_single_image image=&#8221;633&#8243; img_size=&#8221;285&#215;285&#8243; alignment=&#8221;center&#8221;][\/vc_column][vc_column width=&#8221;1\/3&#8243;][vc_column_text]<\/p>\n<h1 style=\"text-align: center;\">Location<\/h1>\n<h3 style=\"text-align: center;\">ZAK Center for Contemporary Art \/\/ Old Barracks<\/h3>\n<p>[\/vc_column_text][\/vc_column][vc_column width=&#8221;1\/3&#8243;][vc_single_image image=&#8221;6456&#8243; img_size=&#8221;285&#215;285&#8243; alignment=&#8221;center&#8221;][\/vc_column][\/vc_row][vc_row][vc_column][vc_separator color=&#8221;black&#8221; border_width=&#8221;3&#8243;][\/vc_column][\/vc_row][vc_row][vc_column][vc_column_text]<\/p>\n<h2>Events<\/h2>\n<p>[\/vc_column_text][\/vc_column][\/vc_row]<\/p>\n<\/section>","protected":false},"excerpt":{"rendered":"<p>[vc_row][vc_column width=&#8221;1\/2&#8243;][vc_column_text] Group exhibition 11.9.2020 \u2013 2.5.2021 Center for Contemporary Art, upper floor &nbsp; The exhibition disturbance:witch approaches the theme of the witchcraft from the perspective of contemporary art. The focus is on \u201cthe disruptive factor\u201d that shakes the deadlocked power structure and that is inherent in the figure of the witch. The witch-like, &#8220;abnormal&#8221;, [&hellip;]<\/p>\n","protected":false},"author":23,"featured_media":9712,"parent":931,"menu_order":0,"comment_status":"closed","ping_status":"closed","template":"","meta":{"footnotes":""},"categories":[163,81],"class_list":["post-9682","page","type-page","status-publish","has-post-thumbnail","hentry","category-disturbance-witch-2","category-zentrum-fuer-aktuelle-kunst-en"],"_links":{"self":[{"href":"https:\/\/www.zitadelle-berlin.de\/en\/wp-json\/wp\/v2\/pages\/9682","targetHints":{"allow":["GET"]}}],"collection":[{"href":"https:\/\/www.zitadelle-berlin.de\/en\/wp-json\/wp\/v2\/pages"}],"about":[{"href":"https:\/\/www.zitadelle-berlin.de\/en\/wp-json\/wp\/v2\/types\/page"}],"author":[{"embeddable":true,"href":"https:\/\/www.zitadelle-berlin.de\/en\/wp-json\/wp\/v2\/users\/23"}],"replies":[{"embeddable":true,"href":"https:\/\/www.zitadelle-berlin.de\/en\/wp-json\/wp\/v2\/comments?post=9682"}],"version-history":[{"count":18,"href":"https:\/\/www.zitadelle-berlin.de\/en\/wp-json\/wp\/v2\/pages\/9682\/revisions"}],"predecessor-version":[{"id":13043,"href":"https:\/\/www.zitadelle-berlin.de\/en\/wp-json\/wp\/v2\/pages\/9682\/revisions\/13043"}],"up":[{"embeddable":true,"href":"https:\/\/www.zitadelle-berlin.de\/en\/wp-json\/wp\/v2\/pages\/931"}],"wp:featuredmedia":[{"embeddable":true,"href":"https:\/\/www.zitadelle-berlin.de\/en\/wp-json\/wp\/v2\/media\/9712"}],"wp:attachment":[{"href":"https:\/\/www.zitadelle-berlin.de\/en\/wp-json\/wp\/v2\/media?parent=9682"}],"wp:term":[{"taxonomy":"category","embeddable":true,"href":"https:\/\/www.zitadelle-berlin.de\/en\/wp-json\/wp\/v2\/categories?post=9682"}],"curies":[{"name":"wp","href":"https:\/\/api.w.org\/{rel}","templated":true}]}}